{"id":1319,"date":"2021-11-21T15:14:19","date_gmt":"2021-11-21T15:14:19","guid":{"rendered":"https:\/\/residencialontananza.com\/index.php\/about\/"},"modified":"2023-07-01T19:09:26","modified_gmt":"2023-07-01T19:09:26","slug":"sobre-nosotros","status":"publish","type":"page","link":"https:\/\/residencialontananza.com\/index.php\/sobre-nosotros\/","title":{"rendered":"Sobre nosotros"},"content":{"rendered":"\t\t<div data-elementor-type=\"wp-page\" data-elementor-id=\"1319\" class=\"elementor elementor-1319\">\n\t\t\t\t\t\t<section class=\"elementor-section elementor-top-section elementor-element elementor-element-hrve9iy elementor-section-full_width elementor-section-height-default elementor-section-height-default\" data-id=\"hrve9iy\" data-element_type=\"section\" data-e-type=\"section\" data-settings=\"{&quot;background_background&quot;:&quot;classic&quot;}\">\n\t\t\t\t\t\t<div class=\"elementor-container elementor-column-gap-no\">\n\t\t\t\t\t<div class=\"elementor-column elementor-col-100 elementor-top-column elementor-element elementor-element-5ffd739\" data-id=\"5ffd739\" data-element_type=\"column\" data-e-type=\"column\">\n\t\t\t<div class=\"elementor-widget-wrap elementor-element-populated\">\n\t\t\t\t\t\t<section class=\"elementor-section elementor-inner-section elementor-element elementor-element-e07b74c elementor-section-boxed elementor-section-height-default elementor-section-height-default\" data-id=\"e07b74c\" data-element_type=\"section\" data-e-type=\"section\">\n\t\t\t\t\t\t<div class=\"elementor-container elementor-column-gap-no\">\n\t\t\t\t\t<div class=\"elementor-column elementor-col-100 elementor-inner-column elementor-element elementor-element-1bad658\" data-id=\"1bad658\" data-element_type=\"column\" data-e-type=\"column\">\n\t\t\t<div class=\"elementor-widget-wrap\">\n\t\t\t\t\t\t\t<\/div>\n\t\t<\/div>\n\t\t\t\t\t<\/div>\n\t\t<\/section>\n\t\t\t\t\t<\/div>\n\t\t<\/div>\n\t\t\t\t\t<\/div>\n\t\t<\/section>\n\t\t\t\t<section class=\"elementor-section elementor-top-section elementor-element elementor-element-034f786 elementor-section-boxed elementor-section-height-default elementor-section-height-default\" data-id=\"034f786\" data-element_type=\"section\" data-e-type=\"section\">\n\t\t\t\t\t\t<div class=\"elementor-container elementor-column-gap-default\">\n\t\t\t\t\t<div class=\"elementor-column elementor-col-100 elementor-top-column elementor-element elementor-element-ba0c118\" data-id=\"ba0c118\" data-element_type=\"column\" data-e-type=\"column\">\n\t\t\t<div class=\"elementor-widget-wrap elementor-element-populated\">\n\t\t\t\t\t\t<div class=\"elementor-element elementor-element-3dc998b elementor-widget elementor-widget-heading\" data-id=\"3dc998b\" data-element_type=\"widget\" data-e-type=\"widget\" data-widget_type=\"heading.default\">\n\t\t\t\t<div class=\"elementor-widget-container\">\n\t\t\t\t\t<h4 class=\"elementor-heading-title elementor-size-default\">Somos reconocidos por nuestra dedicaci\u00f3n y cuidado excepcional hacia nuestros residentes, para  proporcionar una calidad de vida \u00f3ptima a trav\u00e9s de atenci\u00f3n personalizada y brindar un entorno c\u00e1lido y acogedor.<\/h4>\t\t\t\t<\/div>\n\t\t\t\t<\/div>\n\t\t\t\t<section class=\"elementor-section elementor-inner-section elementor-element elementor-element-d762106 elementor-section-boxed elementor-section-height-default elementor-section-height-default\" data-id=\"d762106\" data-element_type=\"section\" data-e-type=\"section\">\n\t\t\t\t\t\t<div class=\"elementor-container elementor-column-gap-default\">\n\t\t\t\t\t<div class=\"elementor-column elementor-col-50 elementor-inner-column elementor-element elementor-element-08ec54c\" data-id=\"08ec54c\" data-element_type=\"column\" data-e-type=\"column\">\n\t\t\t<div class=\"elementor-widget-wrap elementor-element-populated\">\n\t\t\t\t\t\t<div class=\"elementor-element elementor-element-d35be41 elementor-widget elementor-widget-heading\" data-id=\"d35be41\" data-element_type=\"widget\" data-e-type=\"widget\" data-widget_type=\"heading.default\">\n\t\t\t\t<div class=\"elementor-widget-container\">\n\t\t\t\t\t<h3 class=\"elementor-heading-title elementor-size-default\">Nuestra mision<\/h3>\t\t\t\t<\/div>\n\t\t\t\t<\/div>\n\t\t\t\t<div class=\"elementor-element elementor-element-8fa3d11 elementor-widget elementor-widget-text-editor\" data-id=\"8fa3d11\" data-element_type=\"widget\" data-e-type=\"widget\" data-widget_type=\"text-editor.default\">\n\t\t\t\t<div class=\"elementor-widget-container\">\n\t\t\t\t\t\t\t\t\t<p><strong><span style=\"font-size: 16px; text-align: start;\">Proporcionar a sus residentes una calidad de vida \u00f3ptima, donde se promueva el bienestar f\u00edsico, emocional y social.<\/span><\/strong><\/p>\t\t\t\t\t\t\t\t<\/div>\n\t\t\t\t<\/div>\n\t\t\t\t\t<\/div>\n\t\t<\/div>\n\t\t\t\t<div class=\"elementor-column elementor-col-50 elementor-inner-column elementor-element elementor-element-d30d7a1\" data-id=\"d30d7a1\" data-element_type=\"column\" data-e-type=\"column\">\n\t\t\t<div class=\"elementor-widget-wrap elementor-element-populated\">\n\t\t\t\t\t\t<div class=\"elementor-element elementor-element-6260bc9 elementor-widget elementor-widget-heading\" data-id=\"6260bc9\" data-element_type=\"widget\" data-e-type=\"widget\" data-widget_type=\"heading.default\">\n\t\t\t\t<div class=\"elementor-widget-container\">\n\t\t\t\t\t<h3 class=\"elementor-heading-title elementor-size-default\">Nuestro valor<\/h3>\t\t\t\t<\/div>\n\t\t\t\t<\/div>\n\t\t\t\t<div class=\"elementor-element elementor-element-3a99000 elementor-widget elementor-widget-text-editor\" data-id=\"3a99000\" data-element_type=\"widget\" data-e-type=\"widget\" data-widget_type=\"text-editor.default\">\n\t\t\t\t<div class=\"elementor-widget-container\">\n\t\t\t\t\t\t\t\t\t<p><strong>\u00a0Se proporciona asistencia sanitaria y enfermer\u00eda diariamente para asegurar una atenci\u00f3n constante y profesional.<\/strong><\/p>\t\t\t\t\t\t\t\t<\/div>\n\t\t\t\t<\/div>\n\t\t\t\t\t<\/div>\n\t\t<\/div>\n\t\t\t\t\t<\/div>\n\t\t<\/section>\n\t\t\t\t\t<\/div>\n\t\t<\/div>\n\t\t\t\t\t<\/div>\n\t\t<\/section>\n\t\t\t\t<section class=\"elementor-section elementor-top-section elementor-element elementor-element-3fca709 elementor-section-boxed elementor-section-height-default elementor-section-height-default\" data-id=\"3fca709\" data-element_type=\"section\" data-e-type=\"section\">\n\t\t\t\t\t\t<div class=\"elementor-container elementor-column-gap-default\">\n\t\t\t\t\t<div class=\"elementor-column elementor-col-100 elementor-top-column elementor-element elementor-element-160dcae\" data-id=\"160dcae\" data-element_type=\"column\" data-e-type=\"column\">\n\t\t\t<div class=\"elementor-widget-wrap elementor-element-populated\">\n\t\t\t\t\t\t<div class=\"elementor-element elementor-element-7cb18c4 elementor-widget__width-initial elementor-widget elementor-widget-text-editor\" data-id=\"7cb18c4\" data-element_type=\"widget\" data-e-type=\"widget\" data-widget_type=\"text-editor.default\">\n\t\t\t\t<div class=\"elementor-widget-container\">\n\t\t\t\t\t\t\t\t\t<p><strong>Lontananza es una residencia de ambiente familiar y casero, ubicada entre Casetas y Garrapinillos, con amplios espacios ajardinados. Fundada con la visi\u00f3n de brindar un entorno c\u00e1lido y acogedor para aquellas personas que necesiten un entorno protegido, la empresa se ha ganado una reputaci\u00f3n destacada por su dedicaci\u00f3n y cuidado excepcional hacia sus residentes.<\/strong><\/p><p><strong>La principal premisa de Lontananza es proporcionar a sus residentes una calidad de vida \u00f3ptima, donde se promueva el bienestar f\u00edsico, emocional y social. El personal altamente capacitado y comprometido de la residencia se encarga de garantizar que cada residente reciba la atenci\u00f3n individualizada y personalizada que se merece.<\/strong><\/p><p><strong>\u00a0<\/strong><\/p><p><strong>Las instalaciones de Lontananza son espaciosas y dise\u00f1adas teniendo en cuenta la comodidad y seguridad de los residentes. Cada habitaci\u00f3n est\u00e1 equipada con mobiliario c\u00f3modo y funcional, brindando un ambiente hogare\u00f1o y tranquilo. Adem\u00e1s, las \u00e1reas comunes, como los salones de estar, los jardines y las zonas de recreaci\u00f3n, ofrecen espacios adecuados para el esparcimiento y la socializaci\u00f3n.<\/strong><\/p><p><strong>La salud y el bienestar de los residentes son una prioridad en Lontananza. Se proporciona asistencia sanitaria y enfermer\u00eda diariamente para asegurar una atenci\u00f3n constante y profesional. Adem\u00e1s, se realizan controles m\u00e9dicos regulares y se supervisan los tratamientos m\u00e9dicos y medicamentos de cada residente para garantizar su salud y seguridad.<\/strong><\/p><p><strong> Inscrita en el registro de centros de la DGA.<\/strong><\/p><p><strong> <br \/>Atendemos personas que necesitan desde solo supervisi\u00f3n para las actividades diarias, a personas con demencia de distintos grados, Alzheimer&#8230; y modulo integrado de trastornos psiqui\u00e1tricos (esquizofrenia, trastorno bipolar, Di\u00f3genes\u2026). Nuestro objetivo es mantener la m\u00e1xima autonom\u00eda posible en nuestros usuarios.<br \/><\/strong><\/p><p><strong>Lontananza tambi\u00e9n se preocupa por el aspecto emocional y social de sus residentes. Se fomentan las relaciones interpersonales y se organizan actividades recreativas y culturales para mantener a los residentes activos, entretenidos y comprometidos. El objetivo es crear un ambiente estimulante que promueva la interacci\u00f3n social y evite el aislamiento.<\/strong><\/p><p><strong>La comida es otro aspecto destacado en Lontananza. Se ofrece una dieta equilibrada y adaptada a las necesidades de cada residente, elaborada por profesionales en nutrici\u00f3n. Se valora la calidad y la variedad de los alimentos, y se tienen en cuenta las preferencias individuales y las restricciones diet\u00e9ticas.<\/strong><\/p><p><strong>En resumen, Lontananza es una empresa l\u00edder en el cuidado de personas mayores en Zaragoza. Su enfoque centrado en el bienestar integral, la atenci\u00f3n personalizada y de alta calidad, y las instalaciones adaptadas hacen de ella una opci\u00f3n destacada para aquellos que buscan un entorno seguro, cari\u00f1oso y enriquecedor para sus seres queridos.<\/strong><\/p>\t\t\t\t\t\t\t\t<\/div>\n\t\t\t\t<\/div>\n\t\t\t\t\t<\/div>\n\t\t<\/div>\n\t\t\t\t\t<\/div>\n\t\t<\/section>\n\t\t\t\t<section class=\"elementor-section elementor-top-section elementor-element elementor-element-cf038fd elementor-section-boxed elementor-section-height-default elementor-section-height-default\" data-id=\"cf038fd\" data-element_type=\"section\" data-e-type=\"section\">\n\t\t\t\t\t\t<div class=\"elementor-container elementor-column-gap-default\">\n\t\t\t\t\t<div class=\"elementor-column elementor-col-100 elementor-top-column elementor-element elementor-element-ecf2ebb\" data-id=\"ecf2ebb\" data-element_type=\"column\" data-e-type=\"column\" data-settings=\"{&quot;background_background&quot;:&quot;slideshow&quot;,&quot;background_slideshow_gallery&quot;:[],&quot;background_slideshow_loop&quot;:&quot;yes&quot;,&quot;background_slideshow_slide_duration&quot;:5000,&quot;background_slideshow_slide_transition&quot;:&quot;fade&quot;,&quot;background_slideshow_transition_duration&quot;:500}\">\n\t\t\t<div class=\"elementor-widget-wrap elementor-element-populated\">\n\t\t\t\t\t\t<div class=\"elementor-element elementor-element-0859553 elementor-widget__width-initial elementor-widget elementor-widget-image\" data-id=\"0859553\" data-element_type=\"widget\" data-e-type=\"widget\" data-widget_type=\"image.default\">\n\t\t\t\t<div class=\"elementor-widget-container\">\n\t\t\t\t\t\t\t\t\t\t\t\t\t\t\t<img fetchpriority=\"high\" decoding=\"async\" width=\"720\" height=\"540\" src=\"https:\/\/residencialontananza.com\/wp-content\/uploads\/2023\/06\/residencia_Lontananza_9.jpg\" class=\"attachment-large size-large wp-image-1631\" alt=\"\" srcset=\"https:\/\/residencialontananza.com\/wp-content\/uploads\/2023\/06\/residencia_Lontananza_9.jpg 720w, https:\/\/residencialontananza.com\/wp-content\/uploads\/2023\/06\/residencia_Lontananza_9-300x225.jpg 300w\" sizes=\"(max-width: 720px) 100vw, 720px\" \/>\t\t\t\t\t\t\t\t\t\t\t\t\t\t\t<\/div>\n\t\t\t\t<\/div>\n\t\t\t\t<div class=\"elementor-element elementor-element-9e95a4c elementor-widget__width-initial elementor-widget elementor-widget-image\" data-id=\"9e95a4c\" data-element_type=\"widget\" data-e-type=\"widget\" data-widget_type=\"image.default\">\n\t\t\t\t<div class=\"elementor-widget-container\">\n\t\t\t\t\t\t\t\t\t\t\t\t\t\t\t<img decoding=\"async\" width=\"592\" height=\"242\" src=\"https:\/\/residencialontananza.com\/wp-content\/uploads\/2023\/06\/cropped-logo_lotananza_better_ZrZ-e1688108801834-84x34.png\" class=\"attachment-large size-large wp-image-1719\" alt=\"\" srcset=\"https:\/\/residencialontananza.com\/wp-content\/uploads\/2023\/06\/cropped-logo_lotananza_better_ZrZ-e1688108801834.png 592w, https:\/\/residencialontananza.com\/wp-content\/uploads\/2023\/06\/cropped-logo_lotananza_better_ZrZ-e1688108801834-300x123.png 300w, https:\/\/residencialontananza.com\/wp-content\/uploads\/2023\/06\/cropped-logo_lotananza_better_ZrZ-e1688108801834-84x34.png 84w\" sizes=\"(max-width: 592px) 100vw, 592px\" \/>\t\t\t\t\t\t\t\t\t\t\t\t\t\t\t<\/div>\n\t\t\t\t<\/div>\n\t\t\t\t\t<\/div>\n\t\t<\/div>\n\t\t\t\t\t<\/div>\n\t\t<\/section>\n\t\t\t\t<\/div>\n\t\t","protected":false},"excerpt":{"rendered":"<p>Somos reconocidos por nuestra dedicaci\u00f3n y cuidado excepcional hacia nuestros residentes, para proporcionar una calidad de vida \u00f3ptima a trav\u00e9s de atenci\u00f3n personalizada y brindar un entorno c\u00e1lido y acogedor. Nuestra mision Proporcionar a sus residentes una calidad de vida \u00f3ptima, donde se promueva el bienestar f\u00edsico, emocional y social. Nuestro valor \u00a0Se proporciona asistencia [&hellip;]<\/p>\n","protected":false},"author":1,"featured_media":0,"parent":0,"menu_order":0,"comment_status":"closed","ping_status":"closed","template":"","meta":{"om_disable_all_campaigns":false,"_monsterinsights_skip_tracking":false,"_monsterinsights_sitenote_active":false,"_monsterinsights_sitenote_note":"","_monsterinsights_sitenote_category":0,"site-sidebar-layout":"no-sidebar","site-content-layout":"page-builder","ast-site-content-layout":"default","site-content-style":"default","site-sidebar-style":"default","ast-global-header-display":"","ast-banner-title-visibility":"","ast-main-header-display":"","ast-hfb-above-header-display":"","ast-hfb-below-header-display":"","ast-hfb-mobile-header-display":"","site-post-title":"disabled","ast-breadcrumbs-content":"","ast-featured-img":"disabled","footer-sml-layout":"","ast-disable-related-posts":"","theme-transparent-header-meta":"enabled","adv-header-id-meta":"","stick-header-meta":"","header-above-stick-meta":"","header-main-stick-meta":"","header-below-stick-meta":"","astra-migrate-meta-layouts":"default","ast-page-background-enabled":"default","ast-page-background-meta":{"desktop":{"background-color":"var(--ast-global-color-4)","background-image":"","background-repeat":"repeat","background-position":"center center","background-size":"auto","background-attachment":"scroll","background-type":"","background-media":"","overlay-type":"","overlay-color":"","overlay-opacity":"","overlay-gradient":""},"tablet":{"background-color":"","background-image":"","background-repeat":"repeat","background-position":"center center","background-size":"auto","background-attachment":"scroll","background-type":"","background-media":"","overlay-type":"","overlay-color":"","overlay-opacity":"","overlay-gradient":""},"mobile":{"background-color":"","background-image":"","background-repeat":"repeat","background-position":"center center","background-size":"auto","background-attachment":"scroll","background-type":"","background-media":"","overlay-type":"","overlay-color":"","overlay-opacity":"","overlay-gradient":""}},"ast-content-background-meta":{"desktop":{"background-color":"var(--ast-global-color-5)","background-image":"","background-repeat":"repeat","background-position":"center center","background-size":"auto","background-attachment":"scroll","background-type":"","background-media":"","overlay-type":"","overlay-color":"","overlay-opacity":"","overlay-gradient":""},"tablet":{"background-color":"var(--ast-global-color-5)","background-image":"","background-repeat":"repeat","background-position":"center center","background-size":"auto","background-attachment":"scroll","background-type":"","background-media":"","overlay-type":"","overlay-color":"","overlay-opacity":"","overlay-gradient":""},"mobile":{"background-color":"var(--ast-global-color-5)","background-image":"","background-repeat":"repeat","background-position":"center center","background-size":"auto","background-attachment":"scroll","background-type":"","background-media":"","overlay-type":"","overlay-color":"","overlay-opacity":"","overlay-gradient":""}},"footnotes":""},"class_list":["post-1319","page","type-page","status-publish","hentry"],"aioseo_notices":[],"_links":{"self":[{"href":"https:\/\/residencialontananza.com\/index.php\/wp-json\/wp\/v2\/pages\/1319","targetHints":{"allow":["GET"]}}],"collection":[{"href":"https:\/\/residencialontananza.com\/index.php\/wp-json\/wp\/v2\/pages"}],"about":[{"href":"https:\/\/residencialontananza.com\/index.php\/wp-json\/wp\/v2\/types\/page"}],"author":[{"embeddable":true,"href":"https:\/\/residencialontananza.com\/index.php\/wp-json\/wp\/v2\/users\/1"}],"replies":[{"embeddable":true,"href":"https:\/\/residencialontananza.com\/index.php\/wp-json\/wp\/v2\/comments?post=1319"}],"version-history":[{"count":111,"href":"https:\/\/residencialontananza.com\/index.php\/wp-json\/wp\/v2\/pages\/1319\/revisions"}],"predecessor-version":[{"id":1865,"href":"https:\/\/residencialontananza.com\/index.php\/wp-json\/wp\/v2\/pages\/1319\/revisions\/1865"}],"wp:attachment":[{"href":"https:\/\/residencialontananza.com\/index.php\/wp-json\/wp\/v2\/media?parent=1319"}],"curies":[{"name":"wp","href":"https:\/\/api.w.org\/{rel}","templated":true}]}}